{"id":17310,"date":"2024-07-30T09:41:08","date_gmt":"2024-07-30T07:41:08","guid":{"rendered":"https:\/\/el-monde.com\/pagina-de-prueba\/"},"modified":"2024-10-24T09:57:37","modified_gmt":"2024-10-24T07:57:37","slug":"mapa-de-cargadores","status":"publish","type":"page","link":"https:\/\/el-monde.com\/es\/mapa-de-cargadores\/","title":{"rendered":"Mapa"},"content":{"rendered":"\t\t<div data-elementor-type=\"wp-page\" data-elementor-id=\"17310\" class=\"elementor elementor-17310\" data-elementor-post-type=\"page\">\n\t\t\t\t<div class=\"elementor-element elementor-element-722050a e-con-full e-flex e-con e-parent\" data-id=\"722050a\" data-element_type=\"container\" data-e-type=\"container\" data-settings=\"{&quot;background_background&quot;:&quot;classic&quot;}\">\n\t\t\t\t<div class=\"elementor-element elementor-element-f3f1b04 elementor-widget elementor-widget-spacer\" data-id=\"f3f1b04\" data-element_type=\"widget\" data-e-type=\"widget\" data-widget_type=\"spacer.default\">\n\t\t\t\t<div class=\"elementor-widget-container\">\n\t\t\t\t\t\t\t<div class=\"elementor-spacer\">\n\t\t\t<div class=\"elementor-spacer-inner\"><\/div>\n\t\t<\/div>\n\t\t\t\t\t\t<\/div>\n\t\t\t\t<\/div>\n\t\t\t\t<\/div>\n\t\t<div class=\"elementor-element elementor-element-b3b0653 e-con-full e-flex e-con e-parent\" data-id=\"b3b0653\" data-element_type=\"container\" data-e-type=\"container\" data-settings=\"{&quot;background_background&quot;:&quot;slideshow&quot;,&quot;background_slideshow_gallery&quot;:[{&quot;id&quot;:19024,&quot;url&quot;:&quot;https:\\\/\\\/el-monde.com\\\/wp-content\\\/uploads\\\/2024\\\/09\\\/530784e9-68aa-40fd-b823-b2e82f093bca-copy-1.webp&quot;}],&quot;background_slideshow_loop&quot;:&quot;yes&quot;,&quot;background_slideshow_slide_duration&quot;:5000,&quot;background_slideshow_slide_transition&quot;:&quot;fade&quot;,&quot;background_slideshow_transition_duration&quot;:500}\">\n\t\t\t\t<div class=\"elementor-element elementor-element-ffb05d2 elementor-widget elementor-widget-heading\" data-id=\"ffb05d2\" data-element_type=\"widget\" data-e-type=\"widget\" data-widget_type=\"heading.default\">\n\t\t\t\t<div class=\"elementor-widget-container\">\n\t\t\t\t\t<h1 class=\"elementor-heading-title elementor-size-default\">Nuestro mapa de cargadores<\/h1>\t\t\t\t<\/div>\n\t\t\t\t<\/div>\n\t\t\t\t<div class=\"elementor-element elementor-element-aea82fc elementor-widget elementor-widget-heading\" data-id=\"aea82fc\" data-element_type=\"widget\" data-e-type=\"widget\" data-widget_type=\"heading.default\">\n\t\t\t\t<div class=\"elementor-widget-container\">\n\t\t\t\t\t<h2 class=\"elementor-heading-title elementor-size-default\">Encontrar cargadores deber\u00eda ser m\u00e1s f\u00e1cil que buscar tesoros!<\/h2>\t\t\t\t<\/div>\n\t\t\t\t<\/div>\n\t\t<div class=\"elementor-element elementor-element-a2637be e-con-full e-flex e-con e-child\" data-id=\"a2637be\" data-element_type=\"container\" data-e-type=\"container\">\n\t\t<div class=\"elementor-element elementor-element-72a4f6f e-con-full e-flex e-con e-child\" data-id=\"72a4f6f\" data-element_type=\"container\" data-e-type=\"container\">\n\t\t\t\t<div class=\"elementor-element elementor-element-3cdd27d elementor-align-center elementor-widget-mobile__width-initial elementor-widget elementor-widget-button\" data-id=\"3cdd27d\" data-element_type=\"widget\" data-e-type=\"widget\" data-widget_type=\"button.default\">\n\t\t\t\t<div class=\"elementor-widget-container\">\n\t\t\t\t\t\t\t\t\t<div class=\"elementor-button-wrapper\">\n\t\t\t\t\t<a class=\"elementor-button elementor-button-link elementor-size-sm elementor-animation-bob\" href=\"#map\">\n\t\t\t\t\t\t<span class=\"elementor-button-content-wrapper\">\n\t\t\t\t\t\t\t\t\t<span class=\"elementor-button-text\">Our Map<\/span>\n\t\t\t\t\t<\/span>\n\t\t\t\t\t<\/a>\n\t\t\t\t<\/div>\n\t\t\t\t\t\t\t\t<\/div>\n\t\t\t\t<\/div>\n\t\t\t\t<\/div>\n\t\t\t\t<\/div>\n\t\t\t\t<\/div>\n\t\t<div class=\"elementor-element elementor-element-ede18a3 e-con-full e-flex e-con e-parent\" data-id=\"ede18a3\" data-element_type=\"container\" data-e-type=\"container\">\n\t\t\t\t<div class=\"elementor-element elementor-element-78c02fb elementor-widget elementor-widget-html\" data-id=\"78c02fb\" data-element_type=\"widget\" data-e-type=\"widget\" data-widget_type=\"html.default\">\n\t\t\t\t<div class=\"elementor-widget-container\">\n\t\t\t\t\t<iframe src=\"https:\/\/www.google.com\/maps\/d\/embed?mid=1OS0OAPuLSSi8_jM9Q-S4nzRk1qFY9nI&amp;ehbc=2E312F&amp;noprof=1\" width=\"640\" height=\"480\"><\/iframe>\t\t\t\t<\/div>\n\t\t\t\t<\/div>\n\t\t<div class=\"elementor-element elementor-element-cef696d e-flex e-con-boxed e-con e-child\" data-id=\"cef696d\" data-element_type=\"container\" data-e-type=\"container\">\n\t\t\t\t\t<div class=\"e-con-inner\">\n\t\t\t\t<div class=\"elementor-element elementor-element-2ec3399 elementor-widget elementor-widget-heading\" data-id=\"2ec3399\" data-element_type=\"widget\" data-e-type=\"widget\" data-widget_type=\"heading.default\">\n\t\t\t\t<div class=\"elementor-widget-container\">\n\t\t\t\t\t<h2 class=\"elementor-heading-title elementor-size-default\">Descargue la aplicaci\u00f3n para ver los detalles y reservar!<\/h2>\t\t\t\t<\/div>\n\t\t\t\t<\/div>\n\t\t\t\t\t<\/div>\n\t\t\t\t<\/div>\n\t\t\t\t<\/div>\n\t\t\t\t<\/div>\n\t\t","protected":false},"excerpt":{"rendered":"<p>Nuestro mapa de cargadores Encontrar cargadores deber\u00eda ser m\u00e1s f\u00e1cil que buscar tesoros! Our Map Descargue la aplicaci\u00f3n para ver los detalles y reservar!<\/p>\n","protected":false},"author":245432588,"featured_media":18998,"parent":0,"menu_order":0,"comment_status":"closed","ping_status":"closed","template":"elementor_header_footer","meta":{"_monsterinsights_skip_tracking":false,"_monsterinsights_sitenote_active":false,"_monsterinsights_sitenote_note":"","_monsterinsights_sitenote_category":0,"footnotes":""},"class_list":["post-17310","page","type-page","status-publish","has-post-thumbnail","hentry"],"yoast_head":"<!-- This site is optimized with the Yoast SEO plugin v27.6 - https:\/\/yoast.com\/product\/yoast-seo-wordpress\/ -->\n<title>Mapa -<\/title>\n<meta name=\"description\" content=\"Consulte el Mapa el-monde para descubrir y reservar 3000 Hoteles y Casas de Vacaciones con Cargadores EV para.\" \/>\n<meta name=\"robots\" content=\"index, follow, max-snippet:-1, max-image-preview:large, max-video-preview:-1\" \/>\n<link rel=\"canonical\" href=\"https:\/\/el-monde.com\/es\/mapa-de-cargadores\/\" \/>\n<meta property=\"og:locale\" content=\"es_ES\" \/>\n<meta property=\"og:type\" content=\"article\" \/>\n<meta property=\"og:title\" content=\"Mapa -\" \/>\n<meta property=\"og:description\" content=\"Consulte el Mapa el-monde para descubrir y reservar 3000 Hoteles y Casas de Vacaciones con Cargadores EV para.\" \/>\n<meta property=\"og:url\" content=\"https:\/\/el-monde.com\/es\/mapa-de-cargadores\/\" \/>\n<meta property=\"article:modified_time\" content=\"2024-10-24T07:57:37+00:00\" \/>\n<meta property=\"og:image\" content=\"https:\/\/el-monde.com\/wp-content\/uploads\/2024\/09\/Spanish.png\" \/>\n\t<meta property=\"og:image:width\" content=\"1200\" \/>\n\t<meta property=\"og:image:height\" content=\"628\" \/>\n\t<meta property=\"og:image:type\" content=\"image\/png\" \/>\n<meta name=\"twitter:card\" content=\"summary_large_image\" \/>\n<meta name=\"twitter:label1\" content=\"Tiempo de lectura\" \/>\n\t<meta name=\"twitter:data1\" content=\"1 minuto\" \/>\n<script type=\"application\/ld+json\" class=\"yoast-schema-graph\">{\"@context\":\"https:\\\/\\\/schema.org\",\"@graph\":[{\"@type\":\"WebPage\",\"@id\":\"https:\\\/\\\/el-monde.com\\\/es\\\/mapa-de-cargadores\\\/\",\"url\":\"https:\\\/\\\/el-monde.com\\\/es\\\/mapa-de-cargadores\\\/\",\"name\":\"Mapa -\",\"isPartOf\":{\"@id\":\"https:\\\/\\\/el-monde.com\\\/es\\\/#website\"},\"primaryImageOfPage\":{\"@id\":\"https:\\\/\\\/el-monde.com\\\/es\\\/mapa-de-cargadores\\\/#primaryimage\"},\"image\":{\"@id\":\"https:\\\/\\\/el-monde.com\\\/es\\\/mapa-de-cargadores\\\/#primaryimage\"},\"thumbnailUrl\":\"https:\\\/\\\/i0.wp.com\\\/el-monde.com\\\/wp-content\\\/uploads\\\/2024\\\/09\\\/Spanish.png?fit=1200%2C628&ssl=1\",\"datePublished\":\"2024-07-30T07:41:08+00:00\",\"dateModified\":\"2024-10-24T07:57:37+00:00\",\"description\":\"Consulte el Mapa el-monde para descubrir y reservar 3000 Hoteles y Casas de Vacaciones con Cargadores EV para.\",\"breadcrumb\":{\"@id\":\"https:\\\/\\\/el-monde.com\\\/es\\\/mapa-de-cargadores\\\/#breadcrumb\"},\"inLanguage\":\"es\",\"potentialAction\":[{\"@type\":\"ReadAction\",\"target\":[\"https:\\\/\\\/el-monde.com\\\/es\\\/mapa-de-cargadores\\\/\"]}]},{\"@type\":\"ImageObject\",\"inLanguage\":\"es\",\"@id\":\"https:\\\/\\\/el-monde.com\\\/es\\\/mapa-de-cargadores\\\/#primaryimage\",\"url\":\"https:\\\/\\\/i0.wp.com\\\/el-monde.com\\\/wp-content\\\/uploads\\\/2024\\\/09\\\/Spanish.png?fit=1200%2C628&ssl=1\",\"contentUrl\":\"https:\\\/\\\/i0.wp.com\\\/el-monde.com\\\/wp-content\\\/uploads\\\/2024\\\/09\\\/Spanish.png?fit=1200%2C628&ssl=1\",\"width\":1200,\"height\":628,\"caption\":\"el-monde permite compartir el cargador entre anfitriones y hu\u00e9spedes privados\"},{\"@type\":\"BreadcrumbList\",\"@id\":\"https:\\\/\\\/el-monde.com\\\/es\\\/mapa-de-cargadores\\\/#breadcrumb\",\"itemListElement\":[{\"@type\":\"ListItem\",\"position\":1,\"name\":\"Home\",\"item\":\"https:\\\/\\\/el-monde.com\\\/es\\\/inicio-2\\\/\"},{\"@type\":\"ListItem\",\"position\":2,\"name\":\"Mapa\"}]},{\"@type\":\"WebSite\",\"@id\":\"https:\\\/\\\/el-monde.com\\\/es\\\/#website\",\"url\":\"https:\\\/\\\/el-monde.com\\\/es\\\/\",\"name\":\"el-monde\",\"description\":\"Vacation Homes with EV Charge &amp; Pay\",\"potentialAction\":[{\"@type\":\"SearchAction\",\"target\":{\"@type\":\"EntryPoint\",\"urlTemplate\":\"https:\\\/\\\/el-monde.com\\\/es\\\/?s={search_term_string}\"},\"query-input\":{\"@type\":\"PropertyValueSpecification\",\"valueRequired\":true,\"valueName\":\"search_term_string\"}}],\"inLanguage\":\"es\"}]}<\/script>\n<!-- \/ Yoast SEO plugin. -->","yoast_head_json":{"title":"Mapa -","description":"Consulte el Mapa el-monde para descubrir y reservar 3000 Hoteles y Casas de Vacaciones con Cargadores EV para.","robots":{"index":"index","follow":"follow","max-snippet":"max-snippet:-1","max-image-preview":"max-image-preview:large","max-video-preview":"max-video-preview:-1"},"canonical":"https:\/\/el-monde.com\/es\/mapa-de-cargadores\/","og_locale":"es_ES","og_type":"article","og_title":"Mapa -","og_description":"Consulte el Mapa el-monde para descubrir y reservar 3000 Hoteles y Casas de Vacaciones con Cargadores EV para.","og_url":"https:\/\/el-monde.com\/es\/mapa-de-cargadores\/","article_modified_time":"2024-10-24T07:57:37+00:00","og_image":[{"width":1200,"height":628,"url":"https:\/\/el-monde.com\/wp-content\/uploads\/2024\/09\/Spanish.png","type":"image\/png"}],"twitter_card":"summary_large_image","twitter_misc":{"Tiempo de lectura":"1 minuto"},"schema":{"@context":"https:\/\/schema.org","@graph":[{"@type":"WebPage","@id":"https:\/\/el-monde.com\/es\/mapa-de-cargadores\/","url":"https:\/\/el-monde.com\/es\/mapa-de-cargadores\/","name":"Mapa -","isPartOf":{"@id":"https:\/\/el-monde.com\/es\/#website"},"primaryImageOfPage":{"@id":"https:\/\/el-monde.com\/es\/mapa-de-cargadores\/#primaryimage"},"image":{"@id":"https:\/\/el-monde.com\/es\/mapa-de-cargadores\/#primaryimage"},"thumbnailUrl":"https:\/\/i0.wp.com\/el-monde.com\/wp-content\/uploads\/2024\/09\/Spanish.png?fit=1200%2C628&ssl=1","datePublished":"2024-07-30T07:41:08+00:00","dateModified":"2024-10-24T07:57:37+00:00","description":"Consulte el Mapa el-monde para descubrir y reservar 3000 Hoteles y Casas de Vacaciones con Cargadores EV para.","breadcrumb":{"@id":"https:\/\/el-monde.com\/es\/mapa-de-cargadores\/#breadcrumb"},"inLanguage":"es","potentialAction":[{"@type":"ReadAction","target":["https:\/\/el-monde.com\/es\/mapa-de-cargadores\/"]}]},{"@type":"ImageObject","inLanguage":"es","@id":"https:\/\/el-monde.com\/es\/mapa-de-cargadores\/#primaryimage","url":"https:\/\/i0.wp.com\/el-monde.com\/wp-content\/uploads\/2024\/09\/Spanish.png?fit=1200%2C628&ssl=1","contentUrl":"https:\/\/i0.wp.com\/el-monde.com\/wp-content\/uploads\/2024\/09\/Spanish.png?fit=1200%2C628&ssl=1","width":1200,"height":628,"caption":"el-monde permite compartir el cargador entre anfitriones y hu\u00e9spedes privados"},{"@type":"BreadcrumbList","@id":"https:\/\/el-monde.com\/es\/mapa-de-cargadores\/#breadcrumb","itemListElement":[{"@type":"ListItem","position":1,"name":"Home","item":"https:\/\/el-monde.com\/es\/inicio-2\/"},{"@type":"ListItem","position":2,"name":"Mapa"}]},{"@type":"WebSite","@id":"https:\/\/el-monde.com\/es\/#website","url":"https:\/\/el-monde.com\/es\/","name":"el-monde","description":"Vacation Homes with EV Charge &amp; Pay","potentialAction":[{"@type":"SearchAction","target":{"@type":"EntryPoint","urlTemplate":"https:\/\/el-monde.com\/es\/?s={search_term_string}"},"query-input":{"@type":"PropertyValueSpecification","valueRequired":true,"valueName":"search_term_string"}}],"inLanguage":"es"}]}},"jetpack_likes_enabled":false,"jetpack_shortlink":"https:\/\/wp.me\/Pfs3nQ-4vc","jetpack-related-posts":[],"jetpack_sharing_enabled":true,"_links":{"self":[{"href":"https:\/\/el-monde.com\/es\/wp-json\/wp\/v2\/pages\/17310","targetHints":{"allow":["GET"]}}],"collection":[{"href":"https:\/\/el-monde.com\/es\/wp-json\/wp\/v2\/pages"}],"about":[{"href":"https:\/\/el-monde.com\/es\/wp-json\/wp\/v2\/types\/page"}],"author":[{"embeddable":true,"href":"https:\/\/el-monde.com\/es\/wp-json\/wp\/v2\/users\/245432588"}],"replies":[{"embeddable":true,"href":"https:\/\/el-monde.com\/es\/wp-json\/wp\/v2\/comments?post=17310"}],"version-history":[{"count":13,"href":"https:\/\/el-monde.com\/es\/wp-json\/wp\/v2\/pages\/17310\/revisions"}],"predecessor-version":[{"id":20411,"href":"https:\/\/el-monde.com\/es\/wp-json\/wp\/v2\/pages\/17310\/revisions\/20411"}],"wp:featuredmedia":[{"embeddable":true,"href":"https:\/\/el-monde.com\/es\/wp-json\/wp\/v2\/media\/18998"}],"wp:attachment":[{"href":"https:\/\/el-monde.com\/es\/wp-json\/wp\/v2\/media?parent=17310"}],"curies":[{"name":"wp","href":"https:\/\/api.w.org\/{rel}","templated":true}]}}