{"id":17883,"date":"2024-09-19T01:51:02","date_gmt":"2024-09-18T23:51:02","guid":{"rendered":"https:\/\/el-monde.com\/installer\/"},"modified":"2024-09-19T17:13:12","modified_gmt":"2024-09-19T15:13:12","slug":"installer","status":"publish","type":"page","link":"https:\/\/el-monde.com\/fr\/installer\/","title":{"rendered":"Installer"},"content":{"rendered":"\t\t<div data-elementor-type=\"wp-page\" data-elementor-id=\"17883\" class=\"elementor elementor-17883 elementor-17864\" data-elementor-post-type=\"page\">\n\t\t\t\t<div class=\"elementor-element elementor-element-aaa0f8b e-con-full e-flex e-con e-parent\" data-id=\"aaa0f8b\" data-element_type=\"container\" data-e-type=\"container\" data-settings=\"{&quot;background_background&quot;:&quot;slideshow&quot;,&quot;background_slideshow_gallery&quot;:[{&quot;id&quot;:17901,&quot;url&quot;:&quot;https:\\\/\\\/el-monde.com\\\/wp-content\\\/uploads\\\/2024\\\/09\\\/el-monde-installer-page-background-image-2-1.png&quot;}],&quot;background_slideshow_slide_transition&quot;:&quot;fade&quot;}\">\n\t\t\t\t<div class=\"elementor-element elementor-element-710cb1e elementor-widget elementor-widget-heading\" data-id=\"710cb1e\" data-element_type=\"widget\" data-e-type=\"widget\" data-widget_type=\"heading.default\">\n\t\t\t\t<div class=\"elementor-widget-container\">\n\t\t\t\t\t<h1 class=\"elementor-heading-title elementor-size-default\">Installez des chargeurs et gagnez des clients heureux<\/h1>\t\t\t\t<\/div>\n\t\t\t\t<\/div>\n\t\t\t\t<div class=\"elementor-element elementor-element-6098c8e elementor-widget elementor-widget-heading\" data-id=\"6098c8e\" data-element_type=\"widget\" data-e-type=\"widget\" data-widget_type=\"heading.default\">\n\t\t\t\t<div class=\"elementor-widget-container\">\n\t\t\t\t\t<h2 class=\"elementor-heading-title elementor-size-default\">Les sites \u00e9quip\u00e9s de chargeurs pour v\u00e9hicules \u00e9lectriques gagnent jusqu'\u00e0 15 % de revenus suppl\u00e9mentaires aupr\u00e8s des clients privil\u00e9gi\u00e9s.<\/h2>\t\t\t\t<\/div>\n\t\t\t\t<\/div>\n\t\t<div class=\"elementor-element elementor-element-b4c84f5 e-flex e-con-boxed e-con e-child\" data-id=\"b4c84f5\" data-element_type=\"container\" data-e-type=\"container\">\n\t\t\t\t\t<div class=\"e-con-inner\">\n\t\t\t\t<div class=\"elementor-element elementor-element-1577016 elementor-align-center elementor-mobile-align-center elementor-widget elementor-widget-button\" data-id=\"1577016\" data-element_type=\"widget\" data-e-type=\"widget\" data-widget_type=\"button.default\">\n\t\t\t\t<div class=\"elementor-widget-container\">\n\t\t\t\t\t\t\t\t\t<div class=\"elementor-button-wrapper\">\n\t\t\t\t\t<a class=\"elementor-button elementor-button-link elementor-size-sm elementor-animation-bob\" href=\"#elementor-action%3Aaction%3Dpopup%3Aopen%26settings%3DeyJpZCI6NjkyNCwidG9nZ2xlIjpmYWxzZX0%3D\">\n\t\t\t\t\t\t<span class=\"elementor-button-content-wrapper\">\n\t\t\t\t\t\t\t\t\t<span class=\"elementor-button-text\">V\u00e9rifiez votre \u00e9ligibilit\u00e9<\/span>\n\t\t\t\t\t<\/span>\n\t\t\t\t\t<\/a>\n\t\t\t\t<\/div>\n\t\t\t\t\t\t\t\t<\/div>\n\t\t\t\t<\/div>\n\t\t\t\t\t<\/div>\n\t\t\t\t<\/div>\n\t\t\t\t<\/div>\n\t\t\t\t<\/div>\n\t\t","protected":false},"excerpt":{"rendered":"<p>Installez des chargeurs et gagnez des clients heureux Les sites \u00e9quip\u00e9s de chargeurs pour v\u00e9hicules \u00e9lectriques gagnent jusqu&#8217;\u00e0 15 % de revenus suppl\u00e9mentaires aupr\u00e8s des clients privil\u00e9gi\u00e9s. V\u00e9rifiez votre \u00e9ligibilit\u00e9<\/p>\n","protected":false},"author":245432588,"featured_media":17778,"parent":0,"menu_order":0,"comment_status":"closed","ping_status":"closed","template":"elementor_header_footer","meta":{"_monsterinsights_skip_tracking":false,"_monsterinsights_sitenote_active":false,"_monsterinsights_sitenote_note":"","_monsterinsights_sitenote_category":0,"jetpack_post_was_ever_published":false,"footnotes":""},"class_list":["post-17883","page","type-page","status-publish","has-post-thumbnail","hentry"],"yoast_head":"<!-- This site is optimized with the Yoast SEO plugin v27.0 - https:\/\/yoast.com\/product\/yoast-seo-wordpress\/ -->\n<title>Installer et mon\u00e9tiser un chargeur de VE<\/title>\n<meta name=\"description\" content=\"el-monde vous permet d&#039;installer facilement des chargeurs de VE fiables et de les g\u00e9rer ais\u00e9ment. Partagez les chargeurs pour gagner et r\u00e9cup\u00e9rer rapidement votre investissement !\" \/>\n<meta name=\"robots\" content=\"index, follow, max-snippet:-1, max-image-preview:large, max-video-preview:-1\" \/>\n<link rel=\"canonical\" href=\"https:\/\/el-monde.com\/fr\/installer\/\" \/>\n<meta property=\"og:locale\" content=\"fr_FR\" \/>\n<meta property=\"og:type\" content=\"article\" \/>\n<meta property=\"og:title\" content=\"Installer et mon\u00e9tiser un chargeur de VE\" \/>\n<meta property=\"og:description\" content=\"el-monde vous permet d&#039;installer facilement des chargeurs de VE fiables et de les g\u00e9rer ais\u00e9ment. Partagez les chargeurs pour gagner et r\u00e9cup\u00e9rer rapidement votre investissement !\" \/>\n<meta property=\"og:url\" content=\"https:\/\/el-monde.com\/fr\/installer\/\" \/>\n<meta property=\"article:modified_time\" content=\"2024-09-19T15:13:12+00:00\" \/>\n<meta property=\"og:image\" content=\"https:\/\/i0.wp.com\/el-monde.com\/wp-content\/uploads\/2024\/07\/arte_creator_57634_Craft_a_stylish_and_modern_hero_header_image_e83dcacb-c67c-4969-a541-f5eb03d8d1dc.png?fit=1024%2C1024&ssl=1\" \/>\n\t<meta property=\"og:image:width\" content=\"1024\" \/>\n\t<meta property=\"og:image:height\" content=\"1024\" \/>\n\t<meta property=\"og:image:type\" content=\"image\/png\" \/>\n<meta name=\"twitter:card\" content=\"summary_large_image\" \/>\n<script type=\"application\/ld+json\" class=\"yoast-schema-graph\">{\"@context\":\"https:\/\/schema.org\",\"@graph\":[{\"@type\":\"WebPage\",\"@id\":\"https:\/\/el-monde.com\/fr\/installer\/\",\"url\":\"https:\/\/el-monde.com\/fr\/installer\/\",\"name\":\"Installer et mon\u00e9tiser un chargeur de VE\",\"isPartOf\":{\"@id\":\"https:\/\/el-monde.com\/fr\/#website\"},\"primaryImageOfPage\":{\"@id\":\"https:\/\/el-monde.com\/fr\/installer\/#primaryimage\"},\"image\":{\"@id\":\"https:\/\/el-monde.com\/fr\/installer\/#primaryimage\"},\"thumbnailUrl\":\"https:\/\/i0.wp.com\/el-monde.com\/wp-content\/uploads\/2024\/09\/English.png?fit=1200%2C628&ssl=1\",\"datePublished\":\"2024-09-18T23:51:02+00:00\",\"dateModified\":\"2024-09-19T15:13:12+00:00\",\"description\":\"el-monde vous permet d'installer facilement des chargeurs de VE fiables et de les g\u00e9rer ais\u00e9ment. Partagez les chargeurs pour gagner et r\u00e9cup\u00e9rer rapidement votre investissement !\",\"breadcrumb\":{\"@id\":\"https:\/\/el-monde.com\/fr\/installer\/#breadcrumb\"},\"inLanguage\":\"fr-FR\",\"potentialAction\":[{\"@type\":\"ReadAction\",\"target\":[\"https:\/\/el-monde.com\/fr\/installer\/\"]}]},{\"@type\":\"ImageObject\",\"inLanguage\":\"fr-FR\",\"@id\":\"https:\/\/el-monde.com\/fr\/installer\/#primaryimage\",\"url\":\"https:\/\/i0.wp.com\/el-monde.com\/wp-content\/uploads\/2024\/09\/English.png?fit=1200%2C628&ssl=1\",\"contentUrl\":\"https:\/\/i0.wp.com\/el-monde.com\/wp-content\/uploads\/2024\/09\/English.png?fit=1200%2C628&ssl=1\",\"width\":1200,\"height\":628,\"caption\":\"el-monde permet le partage de chargeurs entre h\u00f4tes et invit\u00e9s priv\u00e9s\"},{\"@type\":\"BreadcrumbList\",\"@id\":\"https:\/\/el-monde.com\/fr\/installer\/#breadcrumb\",\"itemListElement\":[{\"@type\":\"ListItem\",\"position\":1,\"name\":\"Home\",\"item\":\"https:\/\/el-monde.com\/fr\/accueil\/\"},{\"@type\":\"ListItem\",\"position\":2,\"name\":\"Installer\"}]},{\"@type\":\"WebSite\",\"@id\":\"https:\/\/el-monde.com\/fr\/#website\",\"url\":\"https:\/\/el-monde.com\/fr\/\",\"name\":\"el-monde\",\"description\":\"Vacation Homes with EV Charge &amp; Pay\",\"publisher\":{\"@id\":\"https:\/\/el-monde.com\/fr\/#organization\"},\"potentialAction\":[{\"@type\":\"SearchAction\",\"target\":{\"@type\":\"EntryPoint\",\"urlTemplate\":\"https:\/\/el-monde.com\/fr\/?s={search_term_string}\"},\"query-input\":{\"@type\":\"PropertyValueSpecification\",\"valueRequired\":true,\"valueName\":\"search_term_string\"}}],\"inLanguage\":\"fr-FR\"},{\"@type\":\"Organization\",\"@id\":\"https:\/\/el-monde.com\/fr\/#organization\",\"name\":\"el-monde\",\"url\":\"https:\/\/el-monde.com\/fr\/\",\"logo\":{\"@type\":\"ImageObject\",\"inLanguage\":\"fr-FR\",\"@id\":\"https:\/\/el-monde.com\/fr\/#\/schema\/logo\/image\/\",\"url\":\"https:\/\/i0.wp.com\/el-monde.com\/wp-content\/uploads\/Website-Common\/site-logo.png?fit=500%2C500&ssl=1\",\"contentUrl\":\"https:\/\/i0.wp.com\/el-monde.com\/wp-content\/uploads\/Website-Common\/site-logo.png?fit=500%2C500&ssl=1\",\"width\":500,\"height\":500,\"caption\":\"el-monde\"},\"image\":{\"@id\":\"https:\/\/el-monde.com\/fr\/#\/schema\/logo\/image\/\"}}]}<\/script>\n<!-- \/ Yoast SEO plugin. -->","yoast_head_json":{"title":"Installer et mon\u00e9tiser un chargeur de VE","description":"el-monde vous permet d'installer facilement des chargeurs de VE fiables et de les g\u00e9rer ais\u00e9ment. Partagez les chargeurs pour gagner et r\u00e9cup\u00e9rer rapidement votre investissement !","robots":{"index":"index","follow":"follow","max-snippet":"max-snippet:-1","max-image-preview":"max-image-preview:large","max-video-preview":"max-video-preview:-1"},"canonical":"https:\/\/el-monde.com\/fr\/installer\/","og_locale":"fr_FR","og_type":"article","og_title":"Installer et mon\u00e9tiser un chargeur de VE","og_description":"el-monde vous permet d'installer facilement des chargeurs de VE fiables et de les g\u00e9rer ais\u00e9ment. Partagez les chargeurs pour gagner et r\u00e9cup\u00e9rer rapidement votre investissement !","og_url":"https:\/\/el-monde.com\/fr\/installer\/","article_modified_time":"2024-09-19T15:13:12+00:00","og_image":[{"width":1024,"height":1024,"url":"https:\/\/i0.wp.com\/el-monde.com\/wp-content\/uploads\/2024\/07\/arte_creator_57634_Craft_a_stylish_and_modern_hero_header_image_e83dcacb-c67c-4969-a541-f5eb03d8d1dc.png?fit=1024%2C1024&ssl=1","type":"image\/png"}],"twitter_card":"summary_large_image","schema":{"@context":"https:\/\/schema.org","@graph":[{"@type":"WebPage","@id":"https:\/\/el-monde.com\/fr\/installer\/","url":"https:\/\/el-monde.com\/fr\/installer\/","name":"Installer et mon\u00e9tiser un chargeur de VE","isPartOf":{"@id":"https:\/\/el-monde.com\/fr\/#website"},"primaryImageOfPage":{"@id":"https:\/\/el-monde.com\/fr\/installer\/#primaryimage"},"image":{"@id":"https:\/\/el-monde.com\/fr\/installer\/#primaryimage"},"thumbnailUrl":"https:\/\/i0.wp.com\/el-monde.com\/wp-content\/uploads\/2024\/09\/English.png?fit=1200%2C628&ssl=1","datePublished":"2024-09-18T23:51:02+00:00","dateModified":"2024-09-19T15:13:12+00:00","description":"el-monde vous permet d'installer facilement des chargeurs de VE fiables et de les g\u00e9rer ais\u00e9ment. Partagez les chargeurs pour gagner et r\u00e9cup\u00e9rer rapidement votre investissement !","breadcrumb":{"@id":"https:\/\/el-monde.com\/fr\/installer\/#breadcrumb"},"inLanguage":"fr-FR","potentialAction":[{"@type":"ReadAction","target":["https:\/\/el-monde.com\/fr\/installer\/"]}]},{"@type":"ImageObject","inLanguage":"fr-FR","@id":"https:\/\/el-monde.com\/fr\/installer\/#primaryimage","url":"https:\/\/i0.wp.com\/el-monde.com\/wp-content\/uploads\/2024\/09\/English.png?fit=1200%2C628&ssl=1","contentUrl":"https:\/\/i0.wp.com\/el-monde.com\/wp-content\/uploads\/2024\/09\/English.png?fit=1200%2C628&ssl=1","width":1200,"height":628,"caption":"el-monde permet le partage de chargeurs entre h\u00f4tes et invit\u00e9s priv\u00e9s"},{"@type":"BreadcrumbList","@id":"https:\/\/el-monde.com\/fr\/installer\/#breadcrumb","itemListElement":[{"@type":"ListItem","position":1,"name":"Home","item":"https:\/\/el-monde.com\/fr\/accueil\/"},{"@type":"ListItem","position":2,"name":"Installer"}]},{"@type":"WebSite","@id":"https:\/\/el-monde.com\/fr\/#website","url":"https:\/\/el-monde.com\/fr\/","name":"el-monde","description":"Vacation Homes with EV Charge &amp; Pay","publisher":{"@id":"https:\/\/el-monde.com\/fr\/#organization"},"potentialAction":[{"@type":"SearchAction","target":{"@type":"EntryPoint","urlTemplate":"https:\/\/el-monde.com\/fr\/?s={search_term_string}"},"query-input":{"@type":"PropertyValueSpecification","valueRequired":true,"valueName":"search_term_string"}}],"inLanguage":"fr-FR"},{"@type":"Organization","@id":"https:\/\/el-monde.com\/fr\/#organization","name":"el-monde","url":"https:\/\/el-monde.com\/fr\/","logo":{"@type":"ImageObject","inLanguage":"fr-FR","@id":"https:\/\/el-monde.com\/fr\/#\/schema\/logo\/image\/","url":"https:\/\/i0.wp.com\/el-monde.com\/wp-content\/uploads\/Website-Common\/site-logo.png?fit=500%2C500&ssl=1","contentUrl":"https:\/\/i0.wp.com\/el-monde.com\/wp-content\/uploads\/Website-Common\/site-logo.png?fit=500%2C500&ssl=1","width":500,"height":500,"caption":"el-monde"},"image":{"@id":"https:\/\/el-monde.com\/fr\/#\/schema\/logo\/image\/"}}]}},"jetpack_likes_enabled":false,"jetpack_shortlink":"https:\/\/wp.me\/Pfs3nQ-4Er","jetpack-related-posts":[],"jetpack_sharing_enabled":true,"_links":{"self":[{"href":"https:\/\/el-monde.com\/fr\/wp-json\/wp\/v2\/pages\/17883","targetHints":{"allow":["GET"]}}],"collection":[{"href":"https:\/\/el-monde.com\/fr\/wp-json\/wp\/v2\/pages"}],"about":[{"href":"https:\/\/el-monde.com\/fr\/wp-json\/wp\/v2\/types\/page"}],"author":[{"embeddable":true,"href":"https:\/\/el-monde.com\/fr\/wp-json\/wp\/v2\/users\/245432588"}],"replies":[{"embeddable":true,"href":"https:\/\/el-monde.com\/fr\/wp-json\/wp\/v2\/comments?post=17883"}],"version-history":[{"count":11,"href":"https:\/\/el-monde.com\/fr\/wp-json\/wp\/v2\/pages\/17883\/revisions"}],"predecessor-version":[{"id":17998,"href":"https:\/\/el-monde.com\/fr\/wp-json\/wp\/v2\/pages\/17883\/revisions\/17998"}],"wp:featuredmedia":[{"embeddable":true,"href":"https:\/\/el-monde.com\/fr\/wp-json\/wp\/v2\/media\/17778"}],"wp:attachment":[{"href":"https:\/\/el-monde.com\/fr\/wp-json\/wp\/v2\/media?parent=17883"}],"curies":[{"name":"wp","href":"https:\/\/api.w.org\/{rel}","templated":true}]}}